{"id":89,"date":"2019-09-23T18:53:03","date_gmt":"2019-09-23T18:53:03","guid":{"rendered":"http:\/\/www.eisenberger-geruestbau.de\/?page_id=89"},"modified":"2019-10-25T14:46:05","modified_gmt":"2019-10-25T14:46:05","slug":"25-jahre-eisenberger-geruestbau","status":"publish","type":"page","link":"https:\/\/www.eisenberger-geruestbau.de\/?page_id=89","title":{"rendered":"25 Jahre Eisenberger Ger\u00fcstbau"},"content":{"rendered":"\n<p>Am 03.06.2016 feierten wir unser 25j\u00e4hriges Firmenjubil\u00e4um. Wir m\u00f6chten uns bei unseren G\u00e4sten f\u00fcr ihr Kommen und die vielen Gl\u00fcckw\u00fcnsche bedanken. Die Feier im stilvollen Festzelt bot Gelegenheit f\u00fcr gute Gespr\u00e4che mit unseren Gesch\u00e4ftspartnern und Freunden, sowie mit Vertretern aus Politik, Sport und Kultur.<br>\nSie war reich an kulinarischen Gaumenfreuden und kulturellen Highlights. Unsere Jubil\u00e4umsfeier stand unter dem Leitspruch \u201e25 erfolgreiche Jahre lagen vor einer gesicherten Zukunft!\u201c.<\/p>\n\n\n\n<!-- default-view.php -->\n<div\n\tclass=\"ngg-galleryoverview default-view \n\t\t\"\n\tid=\"ngg-gallery-9d89bdd93d781cc1d8762777f445c868-1\">\n\n\t\t<!-- Thumbnails -->\n\t\t\t\t<div id=\"ngg-image-0\" class=\"ngg-gallery-thumbnail-box \n\t\t\t\t\t\t\t\tngg-4-columns\t\t\t\" \n\t\t\t>\n\t\t\t\t\t\t<div class=\"ngg-gallery-thumbnail\">\n\t\t\t<a href=\"https:\/\/www.eisenberger-geruestbau.de\/wp-content\/gallery\/25_jahre\/25-Jahre-1.jpg\"\n\t\t\t\ttitle=\"\"\n\t\t\t\tdata-src=\"https:\/\/www.eisenberger-geruestbau.de\/wp-content\/gallery\/25_jahre\/25-Jahre-1.jpg\"\n\t\t\t\tdata-thumbnail=\"https:\/\/www.eisenberger-geruestbau.de\/wp-content\/gallery\/25_jahre\/thumbs\/thumbs_25-Jahre-1.jpg\"\n\t\t\t\tdata-image-id=\"50\"\n\t\t\t\tdata-title=\"25-Jahre-1\"\n\t\t\t\tdata-description=\"\"\n\t\t\t\tdata-image-slug=\"25-jahre-1\"\n\t\t\t\tclass=\"ngg-simplelightbox\" rel=\"9d89bdd93d781cc1d8762777f445c868\">\n\t\t\t\t<img\n\t\t\t\t\ttitle=\"25-Jahre-1\"\n\t\t\t\t\talt=\"25-Jahre-1\"\n\t\t\t\t\tsrc=\"https:\/\/www.eisenberger-geruestbau.de\/wp-content\/gallery\/25_jahre\/thumbs\/thumbs_25-Jahre-1.jpg\"\n\t\t\t\t\twidth=\"240\"\n\t\t\t\t\theight=\"160\"\n\t\t\t\t\tstyle=\"max-width:100%;\"\n\t\t\t\t\/>\n\t\t\t<\/a>\n\t\t<\/div>\n\t\t\t\t\t\t\t<\/div> \n\t\t\t\n\t\t\t\t<div id=\"ngg-image-1\" class=\"ngg-gallery-thumbnail-box \n\t\t\t\t\t\t\t\tngg-4-columns\t\t\t\" \n\t\t\t>\n\t\t\t\t\t\t<div class=\"ngg-gallery-thumbnail\">\n\t\t\t<a href=\"https:\/\/www.eisenberger-geruestbau.de\/wp-content\/gallery\/25_jahre\/25-Jahre-2.jpg\"\n\t\t\t\ttitle=\"\"\n\t\t\t\tdata-src=\"https:\/\/www.eisenberger-geruestbau.de\/wp-content\/gallery\/25_jahre\/25-Jahre-2.jpg\"\n\t\t\t\tdata-thumbnail=\"https:\/\/www.eisenberger-geruestbau.de\/wp-content\/gallery\/25_jahre\/thumbs\/thumbs_25-Jahre-2.jpg\"\n\t\t\t\tdata-image-id=\"51\"\n\t\t\t\tdata-title=\"25-Jahre-2\"\n\t\t\t\tdata-description=\"\"\n\t\t\t\tdata-image-slug=\"25-jahre-2\"\n\t\t\t\tclass=\"ngg-simplelightbox\" rel=\"9d89bdd93d781cc1d8762777f445c868\">\n\t\t\t\t<img\n\t\t\t\t\ttitle=\"25-Jahre-2\"\n\t\t\t\t\talt=\"25-Jahre-2\"\n\t\t\t\t\tsrc=\"https:\/\/www.eisenberger-geruestbau.de\/wp-content\/gallery\/25_jahre\/thumbs\/thumbs_25-Jahre-2.jpg\"\n\t\t\t\t\twidth=\"240\"\n\t\t\t\t\theight=\"160\"\n\t\t\t\t\tstyle=\"max-width:100%;\"\n\t\t\t\t\/>\n\t\t\t<\/a>\n\t\t<\/div>\n\t\t\t\t\t\t\t<\/div> \n\t\t\t\n\t\t\t\t<div id=\"ngg-image-2\" class=\"ngg-gallery-thumbnail-box \n\t\t\t\t\t\t\t\tngg-4-columns\t\t\t\" \n\t\t\t>\n\t\t\t\t\t\t<div class=\"ngg-gallery-thumbnail\">\n\t\t\t<a href=\"https:\/\/www.eisenberger-geruestbau.de\/wp-content\/gallery\/25_jahre\/25-Jahre-3.jpg\"\n\t\t\t\ttitle=\"\"\n\t\t\t\tdata-src=\"https:\/\/www.eisenberger-geruestbau.de\/wp-content\/gallery\/25_jahre\/25-Jahre-3.jpg\"\n\t\t\t\tdata-thumbnail=\"https:\/\/www.eisenberger-geruestbau.de\/wp-content\/gallery\/25_jahre\/thumbs\/thumbs_25-Jahre-3.jpg\"\n\t\t\t\tdata-image-id=\"52\"\n\t\t\t\tdata-title=\"25-Jahre-3\"\n\t\t\t\tdata-description=\"\"\n\t\t\t\tdata-image-slug=\"25-jahre-3\"\n\t\t\t\tclass=\"ngg-simplelightbox\" rel=\"9d89bdd93d781cc1d8762777f445c868\">\n\t\t\t\t<img\n\t\t\t\t\ttitle=\"25-Jahre-3\"\n\t\t\t\t\talt=\"25-Jahre-3\"\n\t\t\t\t\tsrc=\"https:\/\/www.eisenberger-geruestbau.de\/wp-content\/gallery\/25_jahre\/thumbs\/thumbs_25-Jahre-3.jpg\"\n\t\t\t\t\twidth=\"240\"\n\t\t\t\t\theight=\"160\"\n\t\t\t\t\tstyle=\"max-width:100%;\"\n\t\t\t\t\/>\n\t\t\t<\/a>\n\t\t<\/div>\n\t\t\t\t\t\t\t<\/div> \n\t\t\t\n\t\t\t\t<div id=\"ngg-image-3\" class=\"ngg-gallery-thumbnail-box \n\t\t\t\t\t\t\t\tngg-4-columns\t\t\t\" \n\t\t\t>\n\t\t\t\t\t\t<div class=\"ngg-gallery-thumbnail\">\n\t\t\t<a href=\"https:\/\/www.eisenberger-geruestbau.de\/wp-content\/gallery\/25_jahre\/25-Jahre-4.jpg\"\n\t\t\t\ttitle=\"\"\n\t\t\t\tdata-src=\"https:\/\/www.eisenberger-geruestbau.de\/wp-content\/gallery\/25_jahre\/25-Jahre-4.jpg\"\n\t\t\t\tdata-thumbnail=\"https:\/\/www.eisenberger-geruestbau.de\/wp-content\/gallery\/25_jahre\/thumbs\/thumbs_25-Jahre-4.jpg\"\n\t\t\t\tdata-image-id=\"53\"\n\t\t\t\tdata-title=\"25-Jahre-4\"\n\t\t\t\tdata-description=\"\"\n\t\t\t\tdata-image-slug=\"25-jahre-4\"\n\t\t\t\tclass=\"ngg-simplelightbox\" rel=\"9d89bdd93d781cc1d8762777f445c868\">\n\t\t\t\t<img\n\t\t\t\t\ttitle=\"25-Jahre-4\"\n\t\t\t\t\talt=\"25-Jahre-4\"\n\t\t\t\t\tsrc=\"https:\/\/www.eisenberger-geruestbau.de\/wp-content\/gallery\/25_jahre\/thumbs\/thumbs_25-Jahre-4.jpg\"\n\t\t\t\t\twidth=\"240\"\n\t\t\t\t\theight=\"160\"\n\t\t\t\t\tstyle=\"max-width:100%;\"\n\t\t\t\t\/>\n\t\t\t<\/a>\n\t\t<\/div>\n\t\t\t\t\t\t\t<\/div> \n\t\t\t\n\t\t\t\t<div id=\"ngg-image-4\" class=\"ngg-gallery-thumbnail-box \n\t\t\t\t\t\t\t\tngg-4-columns\t\t\t\" \n\t\t\t>\n\t\t\t\t\t\t<div class=\"ngg-gallery-thumbnail\">\n\t\t\t<a href=\"https:\/\/www.eisenberger-geruestbau.de\/wp-content\/gallery\/25_jahre\/25-Jahre-5.jpg\"\n\t\t\t\ttitle=\"\"\n\t\t\t\tdata-src=\"https:\/\/www.eisenberger-geruestbau.de\/wp-content\/gallery\/25_jahre\/25-Jahre-5.jpg\"\n\t\t\t\tdata-thumbnail=\"https:\/\/www.eisenberger-geruestbau.de\/wp-content\/gallery\/25_jahre\/thumbs\/thumbs_25-Jahre-5.jpg\"\n\t\t\t\tdata-image-id=\"54\"\n\t\t\t\tdata-title=\"25-Jahre-5\"\n\t\t\t\tdata-description=\"\"\n\t\t\t\tdata-image-slug=\"25-jahre-5\"\n\t\t\t\tclass=\"ngg-simplelightbox\" rel=\"9d89bdd93d781cc1d8762777f445c868\">\n\t\t\t\t<img\n\t\t\t\t\ttitle=\"25-Jahre-5\"\n\t\t\t\t\talt=\"25-Jahre-5\"\n\t\t\t\t\tsrc=\"https:\/\/www.eisenberger-geruestbau.de\/wp-content\/gallery\/25_jahre\/thumbs\/thumbs_25-Jahre-5.jpg\"\n\t\t\t\t\twidth=\"240\"\n\t\t\t\t\theight=\"160\"\n\t\t\t\t\tstyle=\"max-width:100%;\"\n\t\t\t\t\/>\n\t\t\t<\/a>\n\t\t<\/div>\n\t\t\t\t\t\t\t<\/div> \n\t\t\t\n\t\t\t\t<div id=\"ngg-image-5\" class=\"ngg-gallery-thumbnail-box \n\t\t\t\t\t\t\t\tngg-4-columns\t\t\t\" \n\t\t\t>\n\t\t\t\t\t\t<div class=\"ngg-gallery-thumbnail\">\n\t\t\t<a href=\"https:\/\/www.eisenberger-geruestbau.de\/wp-content\/gallery\/25_jahre\/25-Jahre-6.jpg\"\n\t\t\t\ttitle=\"\"\n\t\t\t\tdata-src=\"https:\/\/www.eisenberger-geruestbau.de\/wp-content\/gallery\/25_jahre\/25-Jahre-6.jpg\"\n\t\t\t\tdata-thumbnail=\"https:\/\/www.eisenberger-geruestbau.de\/wp-content\/gallery\/25_jahre\/thumbs\/thumbs_25-Jahre-6.jpg\"\n\t\t\t\tdata-image-id=\"55\"\n\t\t\t\tdata-title=\"25-Jahre-6\"\n\t\t\t\tdata-description=\"\"\n\t\t\t\tdata-image-slug=\"25-jahre-6\"\n\t\t\t\tclass=\"ngg-simplelightbox\" rel=\"9d89bdd93d781cc1d8762777f445c868\">\n\t\t\t\t<img\n\t\t\t\t\ttitle=\"25-Jahre-6\"\n\t\t\t\t\talt=\"25-Jahre-6\"\n\t\t\t\t\tsrc=\"https:\/\/www.eisenberger-geruestbau.de\/wp-content\/gallery\/25_jahre\/thumbs\/thumbs_25-Jahre-6.jpg\"\n\t\t\t\t\twidth=\"240\"\n\t\t\t\t\theight=\"160\"\n\t\t\t\t\tstyle=\"max-width:100%;\"\n\t\t\t\t\/>\n\t\t\t<\/a>\n\t\t<\/div>\n\t\t\t\t\t\t\t<\/div> \n\t\t\t\n\t\t\t\t<div id=\"ngg-image-6\" class=\"ngg-gallery-thumbnail-box \n\t\t\t\t\t\t\t\tngg-4-columns\t\t\t\" \n\t\t\t>\n\t\t\t\t\t\t<div class=\"ngg-gallery-thumbnail\">\n\t\t\t<a href=\"https:\/\/www.eisenberger-geruestbau.de\/wp-content\/gallery\/25_jahre\/25-Jahre-7.jpg\"\n\t\t\t\ttitle=\"\"\n\t\t\t\tdata-src=\"https:\/\/www.eisenberger-geruestbau.de\/wp-content\/gallery\/25_jahre\/25-Jahre-7.jpg\"\n\t\t\t\tdata-thumbnail=\"https:\/\/www.eisenberger-geruestbau.de\/wp-content\/gallery\/25_jahre\/thumbs\/thumbs_25-Jahre-7.jpg\"\n\t\t\t\tdata-image-id=\"56\"\n\t\t\t\tdata-title=\"25-Jahre-7\"\n\t\t\t\tdata-description=\"\"\n\t\t\t\tdata-image-slug=\"25-jahre-7\"\n\t\t\t\tclass=\"ngg-simplelightbox\" rel=\"9d89bdd93d781cc1d8762777f445c868\">\n\t\t\t\t<img\n\t\t\t\t\ttitle=\"25-Jahre-7\"\n\t\t\t\t\talt=\"25-Jahre-7\"\n\t\t\t\t\tsrc=\"https:\/\/www.eisenberger-geruestbau.de\/wp-content\/gallery\/25_jahre\/thumbs\/thumbs_25-Jahre-7.jpg\"\n\t\t\t\t\twidth=\"240\"\n\t\t\t\t\theight=\"160\"\n\t\t\t\t\tstyle=\"max-width:100%;\"\n\t\t\t\t\/>\n\t\t\t<\/a>\n\t\t<\/div>\n\t\t\t\t\t\t\t<\/div> \n\t\t\t\n\t\t\t\t<div id=\"ngg-image-7\" class=\"ngg-gallery-thumbnail-box \n\t\t\t\t\t\t\t\tngg-4-columns\t\t\t\" \n\t\t\t>\n\t\t\t\t\t\t<div class=\"ngg-gallery-thumbnail\">\n\t\t\t<a href=\"https:\/\/www.eisenberger-geruestbau.de\/wp-content\/gallery\/25_jahre\/25-Jahre-Unser-Nachfolger.jpg\"\n\t\t\t\ttitle=\"\"\n\t\t\t\tdata-src=\"https:\/\/www.eisenberger-geruestbau.de\/wp-content\/gallery\/25_jahre\/25-Jahre-Unser-Nachfolger.jpg\"\n\t\t\t\tdata-thumbnail=\"https:\/\/www.eisenberger-geruestbau.de\/wp-content\/gallery\/25_jahre\/thumbs\/thumbs_25-Jahre-Unser-Nachfolger.jpg\"\n\t\t\t\tdata-image-id=\"57\"\n\t\t\t\tdata-title=\"25-Jahre-Unser-Nachfolger\"\n\t\t\t\tdata-description=\"\"\n\t\t\t\tdata-image-slug=\"25-jahre-unser-nachfolger\"\n\t\t\t\tclass=\"ngg-simplelightbox\" rel=\"9d89bdd93d781cc1d8762777f445c868\">\n\t\t\t\t<img\n\t\t\t\t\ttitle=\"25-Jahre-Unser-Nachfolger\"\n\t\t\t\t\talt=\"25-Jahre-Unser-Nachfolger\"\n\t\t\t\t\tsrc=\"https:\/\/www.eisenberger-geruestbau.de\/wp-content\/gallery\/25_jahre\/thumbs\/thumbs_25-Jahre-Unser-Nachfolger.jpg\"\n\t\t\t\t\twidth=\"240\"\n\t\t\t\t\theight=\"160\"\n\t\t\t\t\tstyle=\"max-width:100%;\"\n\t\t\t\t\/>\n\t\t\t<\/a>\n\t\t<\/div>\n\t\t\t\t\t\t\t<\/div> \n\t\t\t\n\t\n\t<br style=\"clear: both\" \/>\n\n\t\n\t\t<!-- Pagination -->\n\t\t<div class='ngg-clear'><\/div>\t<\/div>\n\n","protected":false},"excerpt":{"rendered":"<p>Am 03.06.2016 feierten wir unser 25j\u00e4hriges Firmenjubil\u00e4um. Wir m\u00f6chten uns bei unseren G\u00e4sten f\u00fcr ihr Kommen und die vielen Gl\u00fcckw\u00fcnsche bedanken. Die Feier im stilvollen Festzelt bot Gelegenheit f\u00fcr gute Gespr\u00e4che mit unseren Gesch\u00e4ftspartnern und Freunden, sowie mit Vertretern aus Politik, Sport und Kultur. Sie war reich an kulinarischen Gaumenfreuden und kulturellen Highlights. Unsere Jubil\u00e4umsfeier &hellip; <a href=\"https:\/\/www.eisenberger-geruestbau.de\/?page_id=89\" class=\"more-link\"><span class=\"screen-reader-text\">25 Jahre Eisenberger Ger\u00fcstbau<\/span> weiterlesen <span class=\"meta-nav\">&rarr;<\/span><\/a><\/p>\n","protected":false},"author":1,"featured_media":0,"parent":13,"menu_order":0,"comment_status":"closed","ping_status":"closed","template":"","meta":{"ngg_post_thumbnail":0,"footnotes":""},"_links":{"self":[{"href":"https:\/\/www.eisenberger-geruestbau.de\/index.php?rest_route=\/wp\/v2\/pages\/89"}],"collection":[{"href":"https:\/\/www.eisenberger-geruestbau.de\/index.php?rest_route=\/wp\/v2\/pages"}],"about":[{"href":"https:\/\/www.eisenberger-geruestbau.de\/index.php?rest_route=\/wp\/v2\/types\/page"}],"author":[{"embeddable":true,"href":"https:\/\/www.eisenberger-geruestbau.de\/index.php?rest_route=\/wp\/v2\/users\/1"}],"replies":[{"embeddable":true,"href":"https:\/\/www.eisenberger-geruestbau.de\/index.php?rest_route=%2Fwp%2Fv2%2Fcomments&post=89"}],"version-history":[{"count":3,"href":"https:\/\/www.eisenberger-geruestbau.de\/index.php?rest_route=\/wp\/v2\/pages\/89\/revisions"}],"predecessor-version":[{"id":252,"href":"https:\/\/www.eisenberger-geruestbau.de\/index.php?rest_route=\/wp\/v2\/pages\/89\/revisions\/252"}],"up":[{"embeddable":true,"href":"https:\/\/www.eisenberger-geruestbau.de\/index.php?rest_route=\/wp\/v2\/pages\/13"}],"wp:attachment":[{"href":"https:\/\/www.eisenberger-geruestbau.de\/index.php?rest_route=%2Fwp%2Fv2%2Fmedia&parent=89"}],"curies":[{"name":"wp","href":"https:\/\/api.w.org\/{rel}","templated":true}]}}