{"id":85,"date":"2019-09-23T18:48:10","date_gmt":"2019-09-23T18:48:10","guid":{"rendered":"http:\/\/www.eisenberger-geruestbau.de\/?page_id=85"},"modified":"2019-10-25T15:18:34","modified_gmt":"2019-10-25T15:18:34","slug":"sponsoring","status":"publish","type":"page","link":"https:\/\/www.eisenberger-geruestbau.de\/?page_id=85","title":{"rendered":"Sponsoring"},"content":{"rendered":"\n<h2 class=\"wp-block-heading\">Patenschaft KiGa Regenbogen Eisenberg<\/h2>\n\n\n\n<p>Seit dem Jahr 2007 haben wir einen Patenschaftsvertrag mit der B\u00e4rchengruppe des Kindergarten \u201eRegenbogen\u201c in Eisenberg. Zu besonderen Anl\u00e4ssen wie Weihnachten oder Ostern \u00fcberraschen wir die kleinen Knirpse mit kleinen Geschenken, die im Kindergarten gerade ben\u00f6tigt werden. Als Dankesch\u00f6n bekommen wir von kinderhand Gebasteltes, was in unsere B\u00fcror\u00e4ume frohe Farben zaubert.<\/p>\n\n\n\n<!-- default-view.php -->\n<div\n\tclass=\"ngg-galleryoverview default-view \n\t\t\"\n\tid=\"ngg-gallery-0258e408a614a694b57beb5fdc7a580e-1\">\n\n\t\t<!-- Thumbnails -->\n\t\t\t\t<div id=\"ngg-image-0\" class=\"ngg-gallery-thumbnail-box \n\t\t\t\t\t\t\t\tngg-4-columns\t\t\t\" \n\t\t\t>\n\t\t\t\t\t\t<div class=\"ngg-gallery-thumbnail\">\n\t\t\t<a href=\"https:\/\/www.eisenberger-geruestbau.de\/wp-content\/gallery\/sponsoring_kiga\/Patenschaft-KiGa.jpg\"\n\t\t\t\ttitle=\"\"\n\t\t\t\tdata-src=\"https:\/\/www.eisenberger-geruestbau.de\/wp-content\/gallery\/sponsoring_kiga\/Patenschaft-KiGa.jpg\"\n\t\t\t\tdata-thumbnail=\"https:\/\/www.eisenberger-geruestbau.de\/wp-content\/gallery\/sponsoring_kiga\/thumbs\/thumbs_Patenschaft-KiGa.jpg\"\n\t\t\t\tdata-image-id=\"62\"\n\t\t\t\tdata-title=\"Patenschaft-KiGa\"\n\t\t\t\tdata-description=\"\"\n\t\t\t\tdata-image-slug=\"patenschaft-kiga\"\n\t\t\t\tclass=\"ngg-simplelightbox\" rel=\"0258e408a614a694b57beb5fdc7a580e\">\n\t\t\t\t<img\n\t\t\t\t\ttitle=\"Patenschaft-KiGa\"\n\t\t\t\t\talt=\"Patenschaft-KiGa\"\n\t\t\t\t\tsrc=\"https:\/\/www.eisenberger-geruestbau.de\/wp-content\/gallery\/sponsoring_kiga\/thumbs\/thumbs_Patenschaft-KiGa.jpg\"\n\t\t\t\t\twidth=\"240\"\n\t\t\t\t\theight=\"160\"\n\t\t\t\t\tstyle=\"max-width:100%;\"\n\t\t\t\t\/>\n\t\t\t<\/a>\n\t\t<\/div>\n\t\t\t\t\t\t\t<\/div> \n\t\t\t\n\t\n\t<br style=\"clear: both\" \/>\n\n\t\n\t\t<!-- Pagination -->\n\t\t<div class='ngg-clear'><\/div>\t<\/div>\n\n\n\n\n<h2 class=\"wp-block-heading\">Fu\u00dfball &#8211; Eintracht Eisenberg + Handball Frauen<\/h2>\n\n\n\n<p>Unterst\u00fctzung der Fu\u00dfballer der Eintracht Eisenberg.<br>\nHandball Frauen + M\u00e4nner vom TSV Eisenberg<br>\nF\u00fcr die M\u00e4dels und M\u00e4nner vom TSV-Eisenberg Abteilung Handball gab es neue Trainingsanz\u00fcge bzw. Trikots,<br>\ndie von mehreren Partnern gest\u00fctzt wurden. Wir w\u00fcnschen viel Erfolg!<\/p>\n\n\n\n<!-- default-view.php -->\n<div\n\tclass=\"ngg-galleryoverview default-view \n\t\t\"\n\tid=\"ngg-gallery-3fe4e0d6272329296e1741817f1dcac0-1\">\n\n\t\t<!-- Thumbnails -->\n\t\t\t\t<div id=\"ngg-image-0\" class=\"ngg-gallery-thumbnail-box \n\t\t\t\t\t\t\t\tngg-4-columns\t\t\t\" \n\t\t\t>\n\t\t\t\t\t\t<div class=\"ngg-gallery-thumbnail\">\n\t\t\t<a href=\"https:\/\/www.eisenberger-geruestbau.de\/wp-content\/gallery\/sponsoring_sport\/Eintracht-Eisenberg.jpg\"\n\t\t\t\ttitle=\"\"\n\t\t\t\tdata-src=\"https:\/\/www.eisenberger-geruestbau.de\/wp-content\/gallery\/sponsoring_sport\/Eintracht-Eisenberg.jpg\"\n\t\t\t\tdata-thumbnail=\"https:\/\/www.eisenberger-geruestbau.de\/wp-content\/gallery\/sponsoring_sport\/thumbs\/thumbs_Eintracht-Eisenberg.jpg\"\n\t\t\t\tdata-image-id=\"63\"\n\t\t\t\tdata-title=\"Eintracht-Eisenberg\"\n\t\t\t\tdata-description=\"\"\n\t\t\t\tdata-image-slug=\"eintracht-eisenberg\"\n\t\t\t\tclass=\"ngg-simplelightbox\" rel=\"3fe4e0d6272329296e1741817f1dcac0\">\n\t\t\t\t<img\n\t\t\t\t\ttitle=\"Eintracht-Eisenberg\"\n\t\t\t\t\talt=\"Eintracht-Eisenberg\"\n\t\t\t\t\tsrc=\"https:\/\/www.eisenberger-geruestbau.de\/wp-content\/gallery\/sponsoring_sport\/thumbs\/thumbs_Eintracht-Eisenberg.jpg\"\n\t\t\t\t\twidth=\"240\"\n\t\t\t\t\theight=\"160\"\n\t\t\t\t\tstyle=\"max-width:100%;\"\n\t\t\t\t\/>\n\t\t\t<\/a>\n\t\t<\/div>\n\t\t\t\t\t\t\t<\/div> \n\t\t\t\n\t\t\t\t<div id=\"ngg-image-1\" class=\"ngg-gallery-thumbnail-box \n\t\t\t\t\t\t\t\tngg-4-columns\t\t\t\" \n\t\t\t>\n\t\t\t\t\t\t<div class=\"ngg-gallery-thumbnail\">\n\t\t\t<a href=\"https:\/\/www.eisenberger-geruestbau.de\/wp-content\/gallery\/sponsoring_sport\/TSV-Eisenberg.jpg\"\n\t\t\t\ttitle=\"\"\n\t\t\t\tdata-src=\"https:\/\/www.eisenberger-geruestbau.de\/wp-content\/gallery\/sponsoring_sport\/TSV-Eisenberg.jpg\"\n\t\t\t\tdata-thumbnail=\"https:\/\/www.eisenberger-geruestbau.de\/wp-content\/gallery\/sponsoring_sport\/thumbs\/thumbs_TSV-Eisenberg.jpg\"\n\t\t\t\tdata-image-id=\"64\"\n\t\t\t\tdata-title=\"TSV-Eisenberg\"\n\t\t\t\tdata-description=\"\"\n\t\t\t\tdata-image-slug=\"tsv-eisenberg\"\n\t\t\t\tclass=\"ngg-simplelightbox\" rel=\"3fe4e0d6272329296e1741817f1dcac0\">\n\t\t\t\t<img\n\t\t\t\t\ttitle=\"TSV-Eisenberg\"\n\t\t\t\t\talt=\"TSV-Eisenberg\"\n\t\t\t\t\tsrc=\"https:\/\/www.eisenberger-geruestbau.de\/wp-content\/gallery\/sponsoring_sport\/thumbs\/thumbs_TSV-Eisenberg.jpg\"\n\t\t\t\t\twidth=\"240\"\n\t\t\t\t\theight=\"160\"\n\t\t\t\t\tstyle=\"max-width:100%;\"\n\t\t\t\t\/>\n\t\t\t<\/a>\n\t\t<\/div>\n\t\t\t\t\t\t\t<\/div> \n\t\t\t\n\t\t\t\t<div id=\"ngg-image-2\" class=\"ngg-gallery-thumbnail-box \n\t\t\t\t\t\t\t\tngg-4-columns\t\t\t\" \n\t\t\t>\n\t\t\t\t\t\t<div class=\"ngg-gallery-thumbnail\">\n\t\t\t<a href=\"https:\/\/www.eisenberger-geruestbau.de\/wp-content\/gallery\/sponsoring_sport\/TSV-Eisenberg-M%C3%A4nner.jpg\"\n\t\t\t\ttitle=\"\"\n\t\t\t\tdata-src=\"https:\/\/www.eisenberger-geruestbau.de\/wp-content\/gallery\/sponsoring_sport\/TSV-Eisenberg-M%C3%A4nner.jpg\"\n\t\t\t\tdata-thumbnail=\"https:\/\/www.eisenberger-geruestbau.de\/wp-content\/gallery\/sponsoring_sport\/thumbs\/thumbs_TSV-Eisenberg-M%C3%A4nner.jpg\"\n\t\t\t\tdata-image-id=\"65\"\n\t\t\t\tdata-title=\"TSV-Eisenberg-M\u00e4nner\"\n\t\t\t\tdata-description=\"\"\n\t\t\t\tdata-image-slug=\"tsv-eisenberg-m%c3%a4nner\"\n\t\t\t\tclass=\"ngg-simplelightbox\" rel=\"3fe4e0d6272329296e1741817f1dcac0\">\n\t\t\t\t<img\n\t\t\t\t\ttitle=\"TSV-Eisenberg-M\u00e4nner\"\n\t\t\t\t\talt=\"TSV-Eisenberg-M\u00e4nner\"\n\t\t\t\t\tsrc=\"https:\/\/www.eisenberger-geruestbau.de\/wp-content\/gallery\/sponsoring_sport\/thumbs\/thumbs_TSV-Eisenberg-M%C3%A4nner.jpg\"\n\t\t\t\t\twidth=\"240\"\n\t\t\t\t\theight=\"160\"\n\t\t\t\t\tstyle=\"max-width:100%;\"\n\t\t\t\t\/>\n\t\t\t<\/a>\n\t\t<\/div>\n\t\t\t\t\t\t\t<\/div> \n\t\t\t\n\t\n\t<br style=\"clear: both\" \/>\n\n\t\n\t\t<!-- Pagination -->\n\t\t<div class='ngg-clear'><\/div>\t<\/div>\n\n\n\n\n<p><\/p>\n","protected":false},"excerpt":{"rendered":"<p>Patenschaft KiGa Regenbogen Eisenberg Seit dem Jahr 2007 haben wir einen Patenschaftsvertrag mit der B\u00e4rchengruppe des Kindergarten \u201eRegenbogen\u201c in Eisenberg. Zu besonderen Anl\u00e4ssen wie Weihnachten oder Ostern \u00fcberraschen wir die kleinen Knirpse mit kleinen Geschenken, die im Kindergarten gerade ben\u00f6tigt werden. Als Dankesch\u00f6n bekommen wir von kinderhand Gebasteltes, was in unsere B\u00fcror\u00e4ume frohe Farben zaubert. &hellip; <a href=\"https:\/\/www.eisenberger-geruestbau.de\/?page_id=85\" class=\"more-link\"><span class=\"screen-reader-text\">Sponsoring<\/span> weiterlesen <span class=\"meta-nav\">&rarr;<\/span><\/a><\/p>\n","protected":false},"author":1,"featured_media":0,"parent":13,"menu_order":0,"comment_status":"closed","ping_status":"closed","template":"","meta":{"ngg_post_thumbnail":0,"footnotes":""},"_links":{"self":[{"href":"https:\/\/www.eisenberger-geruestbau.de\/index.php?rest_route=\/wp\/v2\/pages\/85"}],"collection":[{"href":"https:\/\/www.eisenberger-geruestbau.de\/index.php?rest_route=\/wp\/v2\/pages"}],"about":[{"href":"https:\/\/www.eisenberger-geruestbau.de\/index.php?rest_route=\/wp\/v2\/types\/page"}],"author":[{"embeddable":true,"href":"https:\/\/www.eisenberger-geruestbau.de\/index.php?rest_route=\/wp\/v2\/users\/1"}],"replies":[{"embeddable":true,"href":"https:\/\/www.eisenberger-geruestbau.de\/index.php?rest_route=%2Fwp%2Fv2%2Fcomments&post=85"}],"version-history":[{"count":3,"href":"https:\/\/www.eisenberger-geruestbau.de\/index.php?rest_route=\/wp\/v2\/pages\/85\/revisions"}],"predecessor-version":[{"id":271,"href":"https:\/\/www.eisenberger-geruestbau.de\/index.php?rest_route=\/wp\/v2\/pages\/85\/revisions\/271"}],"up":[{"embeddable":true,"href":"https:\/\/www.eisenberger-geruestbau.de\/index.php?rest_route=\/wp\/v2\/pages\/13"}],"wp:attachment":[{"href":"https:\/\/www.eisenberger-geruestbau.de\/index.php?rest_route=%2Fwp%2Fv2%2Fmedia&parent=85"}],"curies":[{"name":"wp","href":"https:\/\/api.w.org\/{rel}","templated":true}]}}