{"id":74,"date":"2019-09-23T18:21:07","date_gmt":"2019-09-23T18:21:07","guid":{"rendered":"http:\/\/www.eisenberger-geruestbau.de\/?page_id=74"},"modified":"2019-10-25T15:05:51","modified_gmt":"2019-10-25T15:05:51","slug":"hoehenzugangstechnik","status":"publish","type":"page","link":"https:\/\/www.eisenberger-geruestbau.de\/?page_id=74","title":{"rendered":"H\u00f6henzugangstechnik"},"content":{"rendered":"\n<p><strong>Als Experten im Bereich H\u00f6henzugangstechnik verf\u00fcgen wir \u00fcber verschiedenste L\u00f6sungen:<\/strong><\/p>\n\n\n\n<p> \u2022    Fluchttreppen<br> \u2022    Treppent\u00fcrme<br> \u2022    Lastenaufz\u00fcge (Personen- und Bauaufz\u00fcge)<\/p>\n\n\n\n<p> Gemeinsam mit Ihnen stimmen wir die Anforderungen des Bauvorhabens ab und setzen die n\u00f6tigen Techniken ein um Ihr Vorhaben erfolgreich umzusetzen. Gerne erstellen wir Ihnen ein unverbindliches Angebot, das genau auf Ihre Bed\u00fcrfnisse und Anforderungen zugeschnitten ist.<br> Nutzen Sie einfach unsere Angebotsanfrage oder rufen Sie uns direkt an.<\/p>\n\n\n\n<!-- default-view.php -->\n<div\n\tclass=\"ngg-galleryoverview default-view \n\t\t\"\n\tid=\"ngg-gallery-b80d74ca5ca5edd594877aa660c64608-1\">\n\n\t\t<!-- Thumbnails -->\n\t\t\t\t<div id=\"ngg-image-0\" class=\"ngg-gallery-thumbnail-box \n\t\t\t\t\t\t\t\tngg-4-columns\t\t\t\" \n\t\t\t>\n\t\t\t\t\t\t<div class=\"ngg-gallery-thumbnail\">\n\t\t\t<a href=\"https:\/\/www.eisenberger-geruestbau.de\/wp-content\/gallery\/hoehenzugangstechnik\/Fluchttreppe.jpg\"\n\t\t\t\ttitle=\"\"\n\t\t\t\tdata-src=\"https:\/\/www.eisenberger-geruestbau.de\/wp-content\/gallery\/hoehenzugangstechnik\/Fluchttreppe.jpg\"\n\t\t\t\tdata-thumbnail=\"https:\/\/www.eisenberger-geruestbau.de\/wp-content\/gallery\/hoehenzugangstechnik\/thumbs\/thumbs_Fluchttreppe.jpg\"\n\t\t\t\tdata-image-id=\"58\"\n\t\t\t\tdata-title=\"Fluchttreppe\"\n\t\t\t\tdata-description=\"\"\n\t\t\t\tdata-image-slug=\"fluchttreppe\"\n\t\t\t\tclass=\"ngg-simplelightbox\" rel=\"b80d74ca5ca5edd594877aa660c64608\">\n\t\t\t\t<img\n\t\t\t\t\ttitle=\"Fluchttreppe\"\n\t\t\t\t\talt=\"Fluchttreppe\"\n\t\t\t\t\tsrc=\"https:\/\/www.eisenberger-geruestbau.de\/wp-content\/gallery\/hoehenzugangstechnik\/thumbs\/thumbs_Fluchttreppe.jpg\"\n\t\t\t\t\twidth=\"240\"\n\t\t\t\t\theight=\"160\"\n\t\t\t\t\tstyle=\"max-width:100%;\"\n\t\t\t\t\/>\n\t\t\t<\/a>\n\t\t<\/div>\n\t\t\t\t\t\t\t<\/div> \n\t\t\t\n\t\t\t\t<div id=\"ngg-image-1\" class=\"ngg-gallery-thumbnail-box \n\t\t\t\t\t\t\t\tngg-4-columns\t\t\t\" \n\t\t\t>\n\t\t\t\t\t\t<div class=\"ngg-gallery-thumbnail\">\n\t\t\t<a href=\"https:\/\/www.eisenberger-geruestbau.de\/wp-content\/gallery\/hoehenzugangstechnik\/H%C3%B6henzugangstechnik-1.jpg\"\n\t\t\t\ttitle=\"\"\n\t\t\t\tdata-src=\"https:\/\/www.eisenberger-geruestbau.de\/wp-content\/gallery\/hoehenzugangstechnik\/H%C3%B6henzugangstechnik-1.jpg\"\n\t\t\t\tdata-thumbnail=\"https:\/\/www.eisenberger-geruestbau.de\/wp-content\/gallery\/hoehenzugangstechnik\/thumbs\/thumbs_H%C3%B6henzugangstechnik-1.jpg\"\n\t\t\t\tdata-image-id=\"59\"\n\t\t\t\tdata-title=\"H\u00f6henzugangstechnik-1\"\n\t\t\t\tdata-description=\"\"\n\t\t\t\tdata-image-slug=\"h%c3%b6henzugangstechnik-1\"\n\t\t\t\tclass=\"ngg-simplelightbox\" rel=\"b80d74ca5ca5edd594877aa660c64608\">\n\t\t\t\t<img\n\t\t\t\t\ttitle=\"H\u00f6henzugangstechnik-1\"\n\t\t\t\t\talt=\"H\u00f6henzugangstechnik-1\"\n\t\t\t\t\tsrc=\"https:\/\/www.eisenberger-geruestbau.de\/wp-content\/gallery\/hoehenzugangstechnik\/thumbs\/thumbs_H%C3%B6henzugangstechnik-1.jpg\"\n\t\t\t\t\twidth=\"240\"\n\t\t\t\t\theight=\"160\"\n\t\t\t\t\tstyle=\"max-width:100%;\"\n\t\t\t\t\/>\n\t\t\t<\/a>\n\t\t<\/div>\n\t\t\t\t\t\t\t<\/div> \n\t\t\t\n\t\t\t\t<div id=\"ngg-image-2\" class=\"ngg-gallery-thumbnail-box \n\t\t\t\t\t\t\t\tngg-4-columns\t\t\t\" \n\t\t\t>\n\t\t\t\t\t\t<div class=\"ngg-gallery-thumbnail\">\n\t\t\t<a href=\"https:\/\/www.eisenberger-geruestbau.de\/wp-content\/gallery\/hoehenzugangstechnik\/Imaginata-Jena.jpg\"\n\t\t\t\ttitle=\"\"\n\t\t\t\tdata-src=\"https:\/\/www.eisenberger-geruestbau.de\/wp-content\/gallery\/hoehenzugangstechnik\/Imaginata-Jena.jpg\"\n\t\t\t\tdata-thumbnail=\"https:\/\/www.eisenberger-geruestbau.de\/wp-content\/gallery\/hoehenzugangstechnik\/thumbs\/thumbs_Imaginata-Jena.jpg\"\n\t\t\t\tdata-image-id=\"60\"\n\t\t\t\tdata-title=\"Imaginata-Jena\"\n\t\t\t\tdata-description=\"\"\n\t\t\t\tdata-image-slug=\"imaginata-jena\"\n\t\t\t\tclass=\"ngg-simplelightbox\" rel=\"b80d74ca5ca5edd594877aa660c64608\">\n\t\t\t\t<img\n\t\t\t\t\ttitle=\"Imaginata-Jena\"\n\t\t\t\t\talt=\"Imaginata-Jena\"\n\t\t\t\t\tsrc=\"https:\/\/www.eisenberger-geruestbau.de\/wp-content\/gallery\/hoehenzugangstechnik\/thumbs\/thumbs_Imaginata-Jena.jpg\"\n\t\t\t\t\twidth=\"240\"\n\t\t\t\t\theight=\"160\"\n\t\t\t\t\tstyle=\"max-width:100%;\"\n\t\t\t\t\/>\n\t\t\t<\/a>\n\t\t<\/div>\n\t\t\t\t\t\t\t<\/div> \n\t\t\t\n\t\t\t\t<div id=\"ngg-image-3\" class=\"ngg-gallery-thumbnail-box \n\t\t\t\t\t\t\t\tngg-4-columns\t\t\t\" \n\t\t\t>\n\t\t\t\t\t\t<div class=\"ngg-gallery-thumbnail\">\n\t\t\t<a href=\"https:\/\/www.eisenberger-geruestbau.de\/wp-content\/gallery\/hoehenzugangstechnik\/Treppenturm-Klinikum.jpg\"\n\t\t\t\ttitle=\"\"\n\t\t\t\tdata-src=\"https:\/\/www.eisenberger-geruestbau.de\/wp-content\/gallery\/hoehenzugangstechnik\/Treppenturm-Klinikum.jpg\"\n\t\t\t\tdata-thumbnail=\"https:\/\/www.eisenberger-geruestbau.de\/wp-content\/gallery\/hoehenzugangstechnik\/thumbs\/thumbs_Treppenturm-Klinikum.jpg\"\n\t\t\t\tdata-image-id=\"61\"\n\t\t\t\tdata-title=\"Treppenturm-Klinikum\"\n\t\t\t\tdata-description=\"\"\n\t\t\t\tdata-image-slug=\"treppenturm-klinikum\"\n\t\t\t\tclass=\"ngg-simplelightbox\" rel=\"b80d74ca5ca5edd594877aa660c64608\">\n\t\t\t\t<img\n\t\t\t\t\ttitle=\"Treppenturm-Klinikum\"\n\t\t\t\t\talt=\"Treppenturm-Klinikum\"\n\t\t\t\t\tsrc=\"https:\/\/www.eisenberger-geruestbau.de\/wp-content\/gallery\/hoehenzugangstechnik\/thumbs\/thumbs_Treppenturm-Klinikum.jpg\"\n\t\t\t\t\twidth=\"240\"\n\t\t\t\t\theight=\"160\"\n\t\t\t\t\tstyle=\"max-width:100%;\"\n\t\t\t\t\/>\n\t\t\t<\/a>\n\t\t<\/div>\n\t\t\t\t\t\t\t<\/div> \n\t\t\t\n\t\n\t<br style=\"clear: both\" \/>\n\n\t\n\t\t<!-- Pagination -->\n\t\t<div class='ngg-clear'><\/div>\t<\/div>\n\n","protected":false},"excerpt":{"rendered":"<p>Als Experten im Bereich H\u00f6henzugangstechnik verf\u00fcgen wir \u00fcber verschiedenste L\u00f6sungen: \u2022 Fluchttreppen \u2022 Treppent\u00fcrme \u2022 Lastenaufz\u00fcge (Personen- und Bauaufz\u00fcge) Gemeinsam mit Ihnen stimmen wir die Anforderungen des Bauvorhabens ab und setzen die n\u00f6tigen Techniken ein um Ihr Vorhaben erfolgreich umzusetzen. Gerne erstellen wir Ihnen ein unverbindliches Angebot, das genau auf Ihre Bed\u00fcrfnisse und Anforderungen zugeschnitten &hellip; <a href=\"https:\/\/www.eisenberger-geruestbau.de\/?page_id=74\" class=\"more-link\"><span class=\"screen-reader-text\">H\u00f6henzugangstechnik<\/span> weiterlesen <span class=\"meta-nav\">&rarr;<\/span><\/a><\/p>\n","protected":false},"author":1,"featured_media":0,"parent":2,"menu_order":0,"comment_status":"closed","ping_status":"closed","template":"","meta":{"ngg_post_thumbnail":0,"footnotes":""},"_links":{"self":[{"href":"https:\/\/www.eisenberger-geruestbau.de\/index.php?rest_route=\/wp\/v2\/pages\/74"}],"collection":[{"href":"https:\/\/www.eisenberger-geruestbau.de\/index.php?rest_route=\/wp\/v2\/pages"}],"about":[{"href":"https:\/\/www.eisenberger-geruestbau.de\/index.php?rest_route=\/wp\/v2\/types\/page"}],"author":[{"embeddable":true,"href":"https:\/\/www.eisenberger-geruestbau.de\/index.php?rest_route=\/wp\/v2\/users\/1"}],"replies":[{"embeddable":true,"href":"https:\/\/www.eisenberger-geruestbau.de\/index.php?rest_route=%2Fwp%2Fv2%2Fcomments&post=74"}],"version-history":[{"count":3,"href":"https:\/\/www.eisenberger-geruestbau.de\/index.php?rest_route=\/wp\/v2\/pages\/74\/revisions"}],"predecessor-version":[{"id":262,"href":"https:\/\/www.eisenberger-geruestbau.de\/index.php?rest_route=\/wp\/v2\/pages\/74\/revisions\/262"}],"up":[{"embeddable":true,"href":"https:\/\/www.eisenberger-geruestbau.de\/index.php?rest_route=\/wp\/v2\/pages\/2"}],"wp:attachment":[{"href":"https:\/\/www.eisenberger-geruestbau.de\/index.php?rest_route=%2Fwp%2Fv2%2Fmedia&parent=74"}],"curies":[{"name":"wp","href":"https:\/\/api.w.org\/{rel}","templated":true}]}}