{"id":69,"date":"2019-09-23T18:14:51","date_gmt":"2019-09-23T18:14:51","guid":{"rendered":"http:\/\/www.eisenberger-geruestbau.de\/?page_id=69"},"modified":"2019-09-23T18:23:00","modified_gmt":"2019-09-23T18:23:00","slug":"geruest","status":"publish","type":"page","link":"https:\/\/www.eisenberger-geruestbau.de\/?page_id=69","title":{"rendered":"Die Ger\u00fcste und Wir"},"content":{"rendered":"\n<p><strong>Arbeitsger\u00fcst<\/strong><br> Wir errichten Ihren Bed\u00fcrfnissen entsprechende Ger\u00fcste f\u00fcr verschiedenste Arbeiten an Bauwerksteilen, die ansonsten nicht oder nur schwer zug\u00e4nglich sind. Dazu geh\u00f6ren z.B. Rohbau-, Putz-, Verblend-, Maler-, Fassaden-, D\u00e4mm- und Dacharbeiten. Hohe Stabilit\u00e4t, Standsicherheit und Belastbarkeit sind f\u00fcr unsere Ger\u00fcste selbstverst\u00e4ndlich. Mit unserem Material k\u00f6nnen wir Ger\u00fcste in s\u00e4mtlichen Last- und Breitenklassen erstellen.<br> Unsere Ger\u00fcste kommen in vielen verschiedenen Projekten zum Einsatz, da sie ein H\u00f6chstma\u00df an Sicherheit und Flexibilit\u00e4t bieten.<\/p>\n\n\n\n<p><strong>Wir bieten Ihnen unsere Ger\u00fcste als:<\/strong><\/p>\n\n\n\n<p>\u2022    Arbeitsger\u00fcste<br>\n\u2022    Schutzger\u00fcste<br>\n\u2022    Fassadenger\u00fcste<br>\n\u2022    Raumger\u00fcste<br>\n\u2022    Fahrger\u00fcste<\/p>\n\n\n\n<p><strong>Zudem verf\u00fcgen wir \u00fcber das erforderliche Know-How und Material zur Errichtung von:<\/strong><\/p>\n\n\n\n<p>\u2022    H\u00e4ngeger\u00fcsten<br>\n\u2022    Industrieger\u00fcste<br>\n\u2022    Sonderkonstruktionen<br>\n\u2022    Schornsteineinr\u00fcstungen<br>\n\u2022    Wetterschutzd\u00e4chern<br>\n\u2022    Kassetten- und Notd\u00e4cher<br>\n\u2022    Einhausungen<br>\n\u2022    Tragger\u00fcsten<br>\n\u2022    Podien \/Trib\u00fcnen<\/p>\n\n\n\n<p>Gerne erstellen wir Ihnen ein unverbindliches Angebot, das genau auf Ihre Bed\u00fcrfnisse und Anforderungen zugeschnitten ist. Nutzen Sie einfach unsere Angebotsanfrage oder rufen Sie uns direkt an.<\/p>\n","protected":false},"excerpt":{"rendered":"<p>Arbeitsger\u00fcst Wir errichten Ihren Bed\u00fcrfnissen entsprechende Ger\u00fcste f\u00fcr verschiedenste Arbeiten an Bauwerksteilen, die ansonsten nicht oder nur schwer zug\u00e4nglich sind. Dazu geh\u00f6ren z.B. Rohbau-, Putz-, Verblend-, Maler-, Fassaden-, D\u00e4mm- und Dacharbeiten. Hohe Stabilit\u00e4t, Standsicherheit und Belastbarkeit sind f\u00fcr unsere Ger\u00fcste selbstverst\u00e4ndlich. Mit unserem Material k\u00f6nnen wir Ger\u00fcste in s\u00e4mtlichen Last- und Breitenklassen erstellen. Unsere Ger\u00fcste &hellip; <a href=\"https:\/\/www.eisenberger-geruestbau.de\/?page_id=69\" class=\"more-link\"><span class=\"screen-reader-text\">Die Ger\u00fcste und Wir<\/span> weiterlesen <span class=\"meta-nav\">&rarr;<\/span><\/a><\/p>\n","protected":false},"author":1,"featured_media":0,"parent":2,"menu_order":0,"comment_status":"closed","ping_status":"closed","template":"","meta":{"ngg_post_thumbnail":0,"footnotes":""},"_links":{"self":[{"href":"https:\/\/www.eisenberger-geruestbau.de\/index.php?rest_route=\/wp\/v2\/pages\/69"}],"collection":[{"href":"https:\/\/www.eisenberger-geruestbau.de\/index.php?rest_route=\/wp\/v2\/pages"}],"about":[{"href":"https:\/\/www.eisenberger-geruestbau.de\/index.php?rest_route=\/wp\/v2\/types\/page"}],"author":[{"embeddable":true,"href":"https:\/\/www.eisenberger-geruestbau.de\/index.php?rest_route=\/wp\/v2\/users\/1"}],"replies":[{"embeddable":true,"href":"https:\/\/www.eisenberger-geruestbau.de\/index.php?rest_route=%2Fwp%2Fv2%2Fcomments&post=69"}],"version-history":[{"count":2,"href":"https:\/\/www.eisenberger-geruestbau.de\/index.php?rest_route=\/wp\/v2\/pages\/69\/revisions"}],"predecessor-version":[{"id":71,"href":"https:\/\/www.eisenberger-geruestbau.de\/index.php?rest_route=\/wp\/v2\/pages\/69\/revisions\/71"}],"up":[{"embeddable":true,"href":"https:\/\/www.eisenberger-geruestbau.de\/index.php?rest_route=\/wp\/v2\/pages\/2"}],"wp:attachment":[{"href":"https:\/\/www.eisenberger-geruestbau.de\/index.php?rest_route=%2Fwp%2Fv2%2Fmedia&parent=69"}],"curies":[{"name":"wp","href":"https:\/\/api.w.org\/{rel}","templated":true}]}}