{"id":67,"date":"2019-09-23T18:11:15","date_gmt":"2019-09-23T18:11:15","guid":{"rendered":"http:\/\/www.eisenberger-geruestbau.de\/?page_id=67"},"modified":"2019-10-25T15:01:38","modified_gmt":"2019-10-25T15:01:38","slug":"buehnen-und-zelte","status":"publish","type":"page","link":"https:\/\/www.eisenberger-geruestbau.de\/?page_id=67","title":{"rendered":"B\u00fchnen und Zelte"},"content":{"rendered":"\n<p>Ihrem Anlass entsprechend errichten wir B\u00fchnen oder Zelte. In welcher Ausf\u00fchrung und Gr\u00f6\u00dfe besprechen Sie mit unserem erfahrenen Personal.<br>\nGerne erstellen wir Ihnen ein unverbindliches Angebot, das genau auf Ihre Bed\u00fcrfnisse und Anforderungen zugeschnitten ist.<br>\nNutzen Sie einfach unsere Angebotsanfrage oder rufen Sie uns direkt an.<\/p>\n\n\n\n<figure class=\"wp-block-image\"><img loading=\"lazy\" decoding=\"async\" width=\"900\" height=\"637\" src=\"http:\/\/www.eisenberger-geruestbau.de\/wp-content\/uploads\/2019\/10\/Buehnen_01.jpg\" alt=\"Eventb\u00fchne\" class=\"wp-image-254\" srcset=\"https:\/\/www.eisenberger-geruestbau.de\/wp-content\/uploads\/2019\/10\/Buehnen_01.jpg 900w, https:\/\/www.eisenberger-geruestbau.de\/wp-content\/uploads\/2019\/10\/Buehnen_01-300x212.jpg 300w, https:\/\/www.eisenberger-geruestbau.de\/wp-content\/uploads\/2019\/10\/Buehnen_01-768x544.jpg 768w\" sizes=\"(max-width: 900px) 100vw, 900px\" \/><figcaption>Eventb\u00fchne<\/figcaption><\/figure>\n","protected":false},"excerpt":{"rendered":"<p>Ihrem Anlass entsprechend errichten wir B\u00fchnen oder Zelte. In welcher Ausf\u00fchrung und Gr\u00f6\u00dfe besprechen Sie mit unserem erfahrenen Personal. Gerne erstellen wir Ihnen ein unverbindliches Angebot, das genau auf Ihre Bed\u00fcrfnisse und Anforderungen zugeschnitten ist. Nutzen Sie einfach unsere Angebotsanfrage oder rufen Sie uns direkt an.<\/p>\n","protected":false},"author":1,"featured_media":0,"parent":2,"menu_order":0,"comment_status":"closed","ping_status":"closed","template":"","meta":{"ngg_post_thumbnail":0,"footnotes":""},"_links":{"self":[{"href":"https:\/\/www.eisenberger-geruestbau.de\/index.php?rest_route=\/wp\/v2\/pages\/67"}],"collection":[{"href":"https:\/\/www.eisenberger-geruestbau.de\/index.php?rest_route=\/wp\/v2\/pages"}],"about":[{"href":"https:\/\/www.eisenberger-geruestbau.de\/index.php?rest_route=\/wp\/v2\/types\/page"}],"author":[{"embeddable":true,"href":"https:\/\/www.eisenberger-geruestbau.de\/index.php?rest_route=\/wp\/v2\/users\/1"}],"replies":[{"embeddable":true,"href":"https:\/\/www.eisenberger-geruestbau.de\/index.php?rest_route=%2Fwp%2Fv2%2Fcomments&post=67"}],"version-history":[{"count":2,"href":"https:\/\/www.eisenberger-geruestbau.de\/index.php?rest_route=\/wp\/v2\/pages\/67\/revisions"}],"predecessor-version":[{"id":255,"href":"https:\/\/www.eisenberger-geruestbau.de\/index.php?rest_route=\/wp\/v2\/pages\/67\/revisions\/255"}],"up":[{"embeddable":true,"href":"https:\/\/www.eisenberger-geruestbau.de\/index.php?rest_route=\/wp\/v2\/pages\/2"}],"wp:attachment":[{"href":"https:\/\/www.eisenberger-geruestbau.de\/index.php?rest_route=%2Fwp%2Fv2%2Fmedia&parent=67"}],"curies":[{"name":"wp","href":"https:\/\/api.w.org\/{rel}","templated":true}]}}