{"id":272,"date":"2019-10-25T15:32:33","date_gmt":"2019-10-25T15:32:33","guid":{"rendered":"http:\/\/www.eisenberger-geruestbau.de\/?page_id=272"},"modified":"2019-10-25T15:32:33","modified_gmt":"2019-10-25T15:32:33","slug":"impressum","status":"publish","type":"page","link":"https:\/\/www.eisenberger-geruestbau.de\/?page_id=272","title":{"rendered":"Impressum"},"content":{"rendered":"\n<p><strong>Eisenberger Ger\u00fcstbau GmbH<\/strong><br> Gesch\u00e4ftsf\u00fchrer: Andrea Labes<br> <br><strong>Anschrift:<\/strong><br> Adolph-Geyer-Str. 31<br> 07607 Eisenberg<br> Tel.  03 66 91 \u2013 5784 \u2013 0<br> Fax: 03 66 91 \u2013 5784 \u2013 20<br> E-Mail: eisenberger.geruestbau[at]t-online.de<\/p>\n\n\n\n<p>Umsatzsteuer-Identifikationsnummer: DE150517935<br>\nRegister &amp; Registernummer:<br>\nAmtsgericht Jena<br>\nHRB 203894<br>\nAufsichtsbeh\u00f6rde: Handwerkskammer f\u00fcr Ost-Th\u00fcringen<br>\nVerantwortlicher \/ Verantwortliche f\u00fcr journalistisch-redaktionelle Texte: Andrea Labes<\/p>\n\n\n\n<p><strong>Haftung f\u00fcr Inhalte: <\/strong><br>Als Diensteanbieter sind wir gem\u00e4\u00df \u00a7 7 Abs.1 TMG f\u00fcr eigene Inhalte auf diesen Seiten nach den allgemeinen Gesetzen verantwortlich. Nach \u00a7\u00a7 8 bis 10 TMG sind wir als Diensteanbieter jedoch nicht verpflichtet, \u00fcbermittelte oder gespeicherte fremde Informationen zu \u00fcberwachen oder nach Umst\u00e4nden zu forschen, die auf eine rechtswidrige T\u00e4tigkeit hinweisen. Verpflichtungen zur Entfernung oder Sperrung der Nutzung von Informationen nach den allgemeinen Gesetzen bleiben hiervon unber\u00fchrt. Eine diesbez\u00fcgliche Haftung ist jedoch erst ab dem Zeitpunkt der Kenntnis einer konkreten Rechtsverletzung m\u00f6glich.<br> Bei Bekanntwerden von entsprechenden Rechtsverletzungen werden wir diese Inhalte umgehend entfernen.<strong> <\/strong><\/p>\n\n\n\n<p><strong>Haftung f\u00fcr Links: <\/strong><br>Unser Angebot enth\u00e4lt Links zu externen Webseiten Dritter, auf deren Inhalte wir keinen Einfluss haben. Deshalb k\u00f6nnen wir f\u00fcr diese fremden Inhalte auch keine Gew\u00e4hr \u00fcbernehmen. F\u00fcr die Inhalte der verlinkten Seiten ist stets der jeweilige Anbieter oder Betreiber der Seiten verantwortlich.<br> Die verlinkten Seiten wurden zum Zeitpunkt der Verlinkung auf m\u00f6gliche Rechtsverst\u00f6\u00dfe \u00fcberpr\u00fcft. Rechtswidrige Inhalte waren zum Zeitpunkt der Verlinkung nicht erkennbar. Eine permanente inhaltliche Kontrolle der verlinkten Seiten ist jedoch ohne konkrete Anhaltspunkte einer Rechtsverletzung nicht zumutbar. Bei Bekanntwerden von Rechtsverletzungen werden wir derartige Links umgehend entfernen.<\/p>\n","protected":false},"excerpt":{"rendered":"<p>Eisenberger Ger\u00fcstbau GmbH Gesch\u00e4ftsf\u00fchrer: Andrea Labes Anschrift: Adolph-Geyer-Str. 31 07607 Eisenberg Tel. 03 66 91 \u2013 5784 \u2013 0 Fax: 03 66 91 \u2013 5784 \u2013 20 E-Mail: eisenberger.geruestbau[at]t-online.de Umsatzsteuer-Identifikationsnummer: DE150517935 Register &amp; Registernummer: Amtsgericht Jena HRB 203894 Aufsichtsbeh\u00f6rde: Handwerkskammer f\u00fcr Ost-Th\u00fcringen Verantwortlicher \/ Verantwortliche f\u00fcr journalistisch-redaktionelle Texte: Andrea Labes Haftung f\u00fcr Inhalte: Als Diensteanbieter &hellip; <a href=\"https:\/\/www.eisenberger-geruestbau.de\/?page_id=272\" class=\"more-link\"><span class=\"screen-reader-text\">Impressum<\/span> weiterlesen <span class=\"meta-nav\">&rarr;<\/span><\/a><\/p>\n","protected":false},"author":1,"featured_media":0,"parent":0,"menu_order":0,"comment_status":"closed","ping_status":"closed","template":"","meta":{"ngg_post_thumbnail":0,"footnotes":""},"_links":{"self":[{"href":"https:\/\/www.eisenberger-geruestbau.de\/index.php?rest_route=\/wp\/v2\/pages\/272"}],"collection":[{"href":"https:\/\/www.eisenberger-geruestbau.de\/index.php?rest_route=\/wp\/v2\/pages"}],"about":[{"href":"https:\/\/www.eisenberger-geruestbau.de\/index.php?rest_route=\/wp\/v2\/types\/page"}],"author":[{"embeddable":true,"href":"https:\/\/www.eisenberger-geruestbau.de\/index.php?rest_route=\/wp\/v2\/users\/1"}],"replies":[{"embeddable":true,"href":"https:\/\/www.eisenberger-geruestbau.de\/index.php?rest_route=%2Fwp%2Fv2%2Fcomments&post=272"}],"version-history":[{"count":1,"href":"https:\/\/www.eisenberger-geruestbau.de\/index.php?rest_route=\/wp\/v2\/pages\/272\/revisions"}],"predecessor-version":[{"id":273,"href":"https:\/\/www.eisenberger-geruestbau.de\/index.php?rest_route=\/wp\/v2\/pages\/272\/revisions\/273"}],"wp:attachment":[{"href":"https:\/\/www.eisenberger-geruestbau.de\/index.php?rest_route=%2Fwp%2Fv2%2Fmedia&parent=272"}],"curies":[{"name":"wp","href":"https:\/\/api.w.org\/{rel}","templated":true}]}}