{"id":236,"date":"2019-10-15T17:53:06","date_gmt":"2019-10-15T17:53:06","guid":{"rendered":"http:\/\/www.eisenberger-geruestbau.de\/?page_id=236"},"modified":"2025-05-07T19:27:34","modified_gmt":"2025-05-07T19:27:34","slug":"wir-stellen-uns-vor","status":"publish","type":"page","link":"https:\/\/www.eisenberger-geruestbau.de\/?page_id=236","title":{"rendered":"Wir stellen uns vor"},"content":{"rendered":"\n<h3 class=\"wp-block-heading\">Der Eisenberger Ger\u00fcstbau &#8211; Wir stellen uns vor<\/h3>\n\n\n\n<p>Das Unternehmen Eisenberger Ger\u00fcstbau GmbH wurde am 1. Juni 1991 gegr\u00fcndet. Was mit wenigen Quadratmetern Holzger\u00fcst und einem Einmannbetrieb begann, konnte bis heute kontinuierlich ausgebaut und den technischen Fortschritten angepasst werden.Heute sind wir ein mittelst\u00e4ndiges Unternehmen, welches mit einem starkem und qualifizierten Team arbeitet und rund 250.000 m\u00b2 qualitativ hochwertiges und zertifiziertes Systemger\u00fcst und rund 500t Layher-Allroundger\u00fcst im Einsatz hat. Mit unserem Hauptsitz in Eisenberg\/Th\u00fcringen und einem zweiten Standort in N\u00fcrnberg konnten wir seit der Gr\u00fcndung unseres Unternehmens einen wesentlichen Anteil an der Sanierung und Modernisierung speziell in Th\u00fcringen und im fr\u00e4nkischen Raum beitragen. Mit direktem Autobahnanschlussstellen A9 und A4 sind wir hoch flexibel bundesweite Einsatzorte zu erreichen.<br>Mit unserem umfangreich ausgestatteten Fuhrpark haben wir die M\u00f6glichkeit jeden gro\u00dfen sowie kleinen Einsatz bedarfsgerecht und m\u00f6glichst effizient anzutreten. Wir sind immer auf der Suche nach neuen Herausforderungen.<br>Seit 1996 sind wir ein Ausbildungsbetrieb f\u00fcr angehende Ger\u00fcstbauer.<\/p>\n\n\n\n<h3 class=\"wp-block-heading\">Ausbildung<\/h3>\n\n\n\n<p>Seit 1996 sind wir Ausbildungsbetrieb!<br>Unser Unternehmen bildet seit 1996 Ger\u00fcstbauer aus. Die Ausbildungszeit betr\u00e4gt 3 Jahre und erfolgt im Dualen System, d.h. die Vermittlung der Kenntnisse, F\u00e4higkeiten und Fertigkeiten gem\u00e4\u00df Ausbildungsverordnung erfolgen als\u00a0 \u00fcberbetriebliche Ausbildung in der Berufsschule in Gro\u00df-Gerau\/ Weiterstadt. Im Ger\u00fcstbaubetrieb werden diese dann praktisch vertieft. Aufsichtsbeh\u00f6rde der Ausbildung ist die Sozialkasse des Ger\u00fcstbaugewerbes Wiesbaden.<br>Interessierte k\u00f6nnen Ihre Bewerbung schriftlich in unserem Unternehmen einreichen.<\/p>\n\n\n<p><!--EndFragment--><\/p>","protected":false},"excerpt":{"rendered":"<p>Der Eisenberger Ger\u00fcstbau &#8211; Wir stellen uns vor Das Unternehmen Eisenberger Ger\u00fcstbau GmbH wurde am 1. Juni 1991 gegr\u00fcndet. Was mit wenigen Quadratmetern Holzger\u00fcst und einem Einmannbetrieb begann, konnte bis heute kontinuierlich ausgebaut und den technischen Fortschritten angepasst werden.Heute sind wir ein mittelst\u00e4ndiges Unternehmen, welches mit einem starkem und qualifizierten Team arbeitet und rund 250.000 &hellip; <a href=\"https:\/\/www.eisenberger-geruestbau.de\/?page_id=236\" class=\"more-link\"><span class=\"screen-reader-text\">Wir stellen uns vor<\/span> weiterlesen <span class=\"meta-nav\">&rarr;<\/span><\/a><\/p>\n","protected":false},"author":1,"featured_media":0,"parent":13,"menu_order":0,"comment_status":"closed","ping_status":"closed","template":"","meta":{"ngg_post_thumbnail":0,"footnotes":""},"_links":{"self":[{"href":"https:\/\/www.eisenberger-geruestbau.de\/index.php?rest_route=\/wp\/v2\/pages\/236"}],"collection":[{"href":"https:\/\/www.eisenberger-geruestbau.de\/index.php?rest_route=\/wp\/v2\/pages"}],"about":[{"href":"https:\/\/www.eisenberger-geruestbau.de\/index.php?rest_route=\/wp\/v2\/types\/page"}],"author":[{"embeddable":true,"href":"https:\/\/www.eisenberger-geruestbau.de\/index.php?rest_route=\/wp\/v2\/users\/1"}],"replies":[{"embeddable":true,"href":"https:\/\/www.eisenberger-geruestbau.de\/index.php?rest_route=%2Fwp%2Fv2%2Fcomments&post=236"}],"version-history":[{"count":5,"href":"https:\/\/www.eisenberger-geruestbau.de\/index.php?rest_route=\/wp\/v2\/pages\/236\/revisions"}],"predecessor-version":[{"id":336,"href":"https:\/\/www.eisenberger-geruestbau.de\/index.php?rest_route=\/wp\/v2\/pages\/236\/revisions\/336"}],"up":[{"embeddable":true,"href":"https:\/\/www.eisenberger-geruestbau.de\/index.php?rest_route=\/wp\/v2\/pages\/13"}],"wp:attachment":[{"href":"https:\/\/www.eisenberger-geruestbau.de\/index.php?rest_route=%2Fwp%2Fv2%2Fmedia&parent=236"}],"curies":[{"name":"wp","href":"https:\/\/api.w.org\/{rel}","templated":true}]}}