{"id":100,"date":"2019-09-23T19:10:49","date_gmt":"2019-09-23T19:10:49","guid":{"rendered":"http:\/\/www.eisenberger-geruestbau.de\/?page_id=100"},"modified":"2025-05-07T19:31:30","modified_gmt":"2025-05-07T19:31:30","slug":"jobs","status":"publish","type":"page","link":"https:\/\/www.eisenberger-geruestbau.de\/?page_id=100","title":{"rendered":"Jobs"},"content":{"rendered":"\n<h3 class=\"wp-block-heading\"><strong>Ger\u00fcstbauer (m\/w)<\/strong><\/h3>\n\n\n\n<p><strong>Wir suchen ab sofort einen Ger\u00fcstbauer (m\/w) f\u00fcr alle fachspezifischen Arbeiten, wie den Transport, das Be- und Entladen von Ger\u00fcstteilen, sowie die Montage und den Abbau von Ger\u00fcsten.<br>\nEine abgeschlossene Berufsausbildung als Ger\u00fcstbauer\/in sowie bereits gesammelte Berufserfahrung ist von Vorteil aber nicht zwingend erforderlich.<\/strong><\/p>\n\n\n\n<p><em><strong>Wir erwarten:<\/strong><\/em><br>\nVon einem\/einer neuen Mitarbeiter\/in erwarten wir eine hohe Leistungsbereitschaft, Motivation, Teamgeist, k\u00f6rperliche Fitness, Schwindelfreiheit, technisches Verst\u00e4ndnis und eine gewissenhafte und ordentliche Arbeitsweise. Ein F\u00fchrerschein Kl. B (alte Kl. III) ist w\u00fcnschenswert.<\/p>\n\n\n\n<p><em><strong>Wir bieten:<\/strong><\/em><br>\nBei uns erwartet Sie ein unbefristetes Arbeitsverh\u00e4ltnis, eine leistungsgerechte Bezahlung und ein angenehmes Betriebsklima. Sie haben hier die Chance auf den Einstieg in ein professionelles und dynamisches Arbeitsumfeld.<\/p>\n\n\n\n<p>Zur ordnungsgem\u00e4\u00dfen Aus\u00fcbung Ihrer T\u00e4tigkeit werden Ihnen selbstverst\u00e4ndlich die daf\u00fcr notwendigen Schutzausr\u00fcstungen sowie sonstige Hilfsmittel zur Verf\u00fcgung gestellt.<\/p>\n\n\n\n<p><em><strong>Wir bitten um:<\/strong><\/em><br><strong> Bitte bewerben Sie sich telefonisch unter 03 66 91 \u2013 5 78 40 <\/strong><br><strong>oder per E-Mail: <a href=\"mailto:info@eisenberger-geruestbau.de\">info[at]eisenberger-geruestbau.de<\/a><\/strong><\/p>\n","protected":false},"excerpt":{"rendered":"<p>Ger\u00fcstbauer (m\/w) Wir suchen ab sofort einen Ger\u00fcstbauer (m\/w) f\u00fcr alle fachspezifischen Arbeiten, wie den Transport, das Be- und Entladen von Ger\u00fcstteilen, sowie die Montage und den Abbau von Ger\u00fcsten. Eine abgeschlossene Berufsausbildung als Ger\u00fcstbauer\/in sowie bereits gesammelte Berufserfahrung ist von Vorteil aber nicht zwingend erforderlich. Wir erwarten: Von einem\/einer neuen Mitarbeiter\/in erwarten wir eine &hellip; <a href=\"https:\/\/www.eisenberger-geruestbau.de\/?page_id=100\" class=\"more-link\"><span class=\"screen-reader-text\">Jobs<\/span> weiterlesen <span class=\"meta-nav\">&rarr;<\/span><\/a><\/p>\n","protected":false},"author":1,"featured_media":0,"parent":0,"menu_order":0,"comment_status":"closed","ping_status":"closed","template":"","meta":{"ngg_post_thumbnail":0,"footnotes":""},"_links":{"self":[{"href":"https:\/\/www.eisenberger-geruestbau.de\/index.php?rest_route=\/wp\/v2\/pages\/100"}],"collection":[{"href":"https:\/\/www.eisenberger-geruestbau.de\/index.php?rest_route=\/wp\/v2\/pages"}],"about":[{"href":"https:\/\/www.eisenberger-geruestbau.de\/index.php?rest_route=\/wp\/v2\/types\/page"}],"author":[{"embeddable":true,"href":"https:\/\/www.eisenberger-geruestbau.de\/index.php?rest_route=\/wp\/v2\/users\/1"}],"replies":[{"embeddable":true,"href":"https:\/\/www.eisenberger-geruestbau.de\/index.php?rest_route=%2Fwp%2Fv2%2Fcomments&post=100"}],"version-history":[{"count":6,"href":"https:\/\/www.eisenberger-geruestbau.de\/index.php?rest_route=\/wp\/v2\/pages\/100\/revisions"}],"predecessor-version":[{"id":338,"href":"https:\/\/www.eisenberger-geruestbau.de\/index.php?rest_route=\/wp\/v2\/pages\/100\/revisions\/338"}],"wp:attachment":[{"href":"https:\/\/www.eisenberger-geruestbau.de\/index.php?rest_route=%2Fwp%2Fv2%2Fmedia&parent=100"}],"curies":[{"name":"wp","href":"https:\/\/api.w.org\/{rel}","templated":true}]}}