{"id":10,"date":"2019-09-10T18:58:47","date_gmt":"2019-09-10T18:58:47","guid":{"rendered":"http:\/\/www.eisenberger-geruestbau.de\/?page_id=10"},"modified":"2019-10-15T17:51:12","modified_gmt":"2019-10-15T17:51:12","slug":"home","status":"publish","type":"page","link":"https:\/\/www.eisenberger-geruestbau.de\/","title":{"rendered":""},"content":{"rendered":"\n<h3 class=\"wp-block-heading\">Experten im Ger\u00fcstbau<\/h3>\n\n\n\n<p>Als Experten im Bereich Ger\u00fcstbau sind wir Ihr kompetenter Partner f\u00fcr individuelle, termingerechte und kosteng\u00fcnstige Einr\u00fcstungen. Mit unserem breiten Dienstleistungsportfolio decken wir das gesamte Spektrum im Bereich des Ger\u00fcstbaus ab. Eine \u00dcbersicht unserer Leistungen finden Sie hier. F\u00fcr uns bedeutet Ger\u00fcstbau mehr als Ger\u00fcste zu verleihen und aufzustellen. Bei unserer Arbeit gilt es stets, die individuellen Bed\u00fcrfnisse und Anforderungen der einzelnen Projekte zu analysieren und im Einklang mit dem Auftraggeber abzustimmen und umzusetzen.<\/p>\n\n\n\n<h3 class=\"wp-block-heading\">Individuelle L\u00f6sungen<\/h3>\n\n\n\n<p>Dabei spielen neben fachlicher Kompetenz und Erfahrung auch Kommunikation und die menschliche Komponente wichtige Rollen. Wir legen sehr viel Wert auf individuelle Planung und enge Abstimmung mit unseren Auftraggebern. Deshalb k\u00f6nnen Sie bei uns sicher sein, dass wir Ihr Projekt gewissenhaft und Ihren Erwartungen gem\u00e4\u00df termingerecht umsetzen!<\/p>\n\n\n\n<h3 class=\"wp-block-heading\">Kundenzufriedenheit<\/h3>\n\n\n\n<p>Unsere Kunden und Partner sch\u00e4tzen unsere schnelle Ausarbeitung von Angeboten sowie die termingerechte Ausf\u00fchrung s\u00e4mtlicher Arbeiten. St\u00e4ndige Qualit\u00e4tskontrollen und Schulungen, sowie die permanente Betreuung der Baustellen garantieren die Qualit\u00e4t unserer Arbeit und die Zufriedenheit unserer Kunden. Die Gr\u00f6\u00dfenordnung der Auftr\u00e4ge spielt dabei keine Rolle. Kleine Auftr\u00e4ge werden von uns genauso ernst genommen und individuell betreut wie gro\u00dfe Auftr\u00e4ge. Bei weiteren Fragen stehen wir Ihnen gerne zur Verf\u00fcgung. Nutzen Sie einfach unser Kontaktformular oder rufen Sie uns an.<\/p>\n","protected":false},"excerpt":{"rendered":"<p>Experten im Ger\u00fcstbau Als Experten im Bereich Ger\u00fcstbau sind wir Ihr kompetenter Partner f\u00fcr individuelle, termingerechte und kosteng\u00fcnstige Einr\u00fcstungen. Mit unserem breiten Dienstleistungsportfolio decken wir das gesamte Spektrum im Bereich des Ger\u00fcstbaus ab. Eine \u00dcbersicht unserer Leistungen finden Sie hier. F\u00fcr uns bedeutet Ger\u00fcstbau mehr als Ger\u00fcste zu verleihen und aufzustellen. Bei unserer Arbeit gilt &hellip; <a href=\"https:\/\/www.eisenberger-geruestbau.de\/\" class=\"more-link\"><span class=\"screen-reader-text\"><\/span> weiterlesen <span class=\"meta-nav\">&rarr;<\/span><\/a><\/p>\n","protected":false},"author":1,"featured_media":0,"parent":0,"menu_order":0,"comment_status":"closed","ping_status":"closed","template":"","meta":{"ngg_post_thumbnail":0,"footnotes":""},"_links":{"self":[{"href":"https:\/\/www.eisenberger-geruestbau.de\/index.php?rest_route=\/wp\/v2\/pages\/10"}],"collection":[{"href":"https:\/\/www.eisenberger-geruestbau.de\/index.php?rest_route=\/wp\/v2\/pages"}],"about":[{"href":"https:\/\/www.eisenberger-geruestbau.de\/index.php?rest_route=\/wp\/v2\/types\/page"}],"author":[{"embeddable":true,"href":"https:\/\/www.eisenberger-geruestbau.de\/index.php?rest_route=\/wp\/v2\/users\/1"}],"replies":[{"embeddable":true,"href":"https:\/\/www.eisenberger-geruestbau.de\/index.php?rest_route=%2Fwp%2Fv2%2Fcomments&post=10"}],"version-history":[{"count":10,"href":"https:\/\/www.eisenberger-geruestbau.de\/index.php?rest_route=\/wp\/v2\/pages\/10\/revisions"}],"predecessor-version":[{"id":234,"href":"https:\/\/www.eisenberger-geruestbau.de\/index.php?rest_route=\/wp\/v2\/pages\/10\/revisions\/234"}],"wp:attachment":[{"href":"https:\/\/www.eisenberger-geruestbau.de\/index.php?rest_route=%2Fwp%2Fv2%2Fmedia&parent=10"}],"curies":[{"name":"wp","href":"https:\/\/api.w.org\/{rel}","templated":true}]}}